{"id":4291,"date":"2020-10-13T16:57:55","date_gmt":"2020-10-13T16:57:55","guid":{"rendered":"http:\/\/ninzio.com\/quper\/?page_id=4291"},"modified":"2025-12-01T19:03:10","modified_gmt":"2025-12-01T19:03:10","slug":"iletisim","status":"publish","type":"page","link":"https:\/\/desumenerji.com.tr\/tr\/iletisim\/","title":{"rendered":"\u0130leti\u015fim"},"content":{"rendered":"\t\t<div data-elementor-type=\"wp-page\" data-elementor-id=\"4291\" class=\"elementor elementor-4291\" data-elementor-post-type=\"page\">\n\t\t\t\t\t\t<section class=\"elementor-section elementor-top-section elementor-element elementor-element-63e328e elementor-section-full_width elementor-section-stretched elementor-section-height-default elementor-section-height-default\" data-id=\"63e328e\" data-element_type=\"section\" data-settings=\"{&quot;stretch_section&quot;:&quot;section-stretched&quot;}\">\n\t\t\t\t\t\t<div class=\"elementor-container elementor-column-gap-default\">\n\t\t\t\t\t<div class=\"elementor-column elementor-col-100 elementor-top-column elementor-element elementor-element-a6d1728\" data-id=\"a6d1728\" data-element_type=\"column\">\n\t\t\t<div class=\"elementor-widget-wrap elementor-element-populated\">\n\t\t\t\t\t\t<div class=\"elementor-element elementor-element-630732b elementor-widget elementor-widget-mae-parallax-image\" data-id=\"630732b\" data-element_type=\"widget\" data-widget_type=\"mae-parallax-image.default\">\n\t\t\t\t<div class=\"elementor-widget-container\">\n\t\t\t\t\t\t\t<div class=\"master-parallax-box\">\n\t\t\t<div class=\"parallax-wrap\">\n\t\t\t\t\t\t\t\t\t<div class=\"master-parallax-item elementor-repeater-item-9464013\" style=\"\" data-parallax='{\"x\" : 0, \"y\" : -200, \"smoothness\" : 30}' data-top=\"200px\" data-top-tablet=\"200px\" data-top-mobile=\"200px\"><img decoding=\"async\" src=\"https:\/\/ninzio.com\/quper\/wp-content\/uploads\/2020\/10\/dots-map-03.png\" alt=\"\"><\/div>\t\t\t\t\t\t\t<\/div>\n\t\t<\/div>\n\t    \t\t\t\t<\/div>\n\t\t\t\t<\/div>\n\t\t\t\t\t<\/div>\n\t\t<\/div>\n\t\t\t\t\t<\/div>\n\t\t<\/section>\n\t\t\t\t<section class=\"elementor-section elementor-top-section elementor-element elementor-element-29e54af container-width-1500 elementor-section-boxed elementor-section-height-default elementor-section-height-default\" data-id=\"29e54af\" data-element_type=\"section\" data-settings=\"{&quot;background_background&quot;:&quot;classic&quot;}\">\n\t\t\t\t\t\t<div class=\"elementor-container elementor-column-gap-default\">\n\t\t\t\t\t<div class=\"elementor-column elementor-col-100 elementor-top-column elementor-element elementor-element-fedfebc\" data-id=\"fedfebc\" data-element_type=\"column\">\n\t\t\t<div class=\"elementor-widget-wrap elementor-element-populated\">\n\t\t\t\t\t\t<section class=\"elementor-section elementor-inner-section elementor-element elementor-element-eba19e3 elementor-section-content-middle elementor-section-boxed elementor-section-height-default elementor-section-height-default\" data-id=\"eba19e3\" data-element_type=\"section\" data-settings=\"{&quot;background_background&quot;:&quot;classic&quot;}\">\n\t\t\t\t\t\t<div class=\"elementor-container elementor-column-gap-default\">\n\t\t\t\t\t<div class=\"elementor-column elementor-col-100 elementor-inner-column elementor-element elementor-element-27209d9\" data-id=\"27209d9\" data-element_type=\"column\">\n\t\t\t<div class=\"elementor-widget-wrap elementor-element-populated\">\n\t\t\t\t\t\t<div class=\"elementor-element elementor-element-17a564d elementor-widget elementor-widget-image\" data-id=\"17a564d\" data-element_type=\"widget\" data-widget_type=\"image.default\">\n\t\t\t\t<div class=\"elementor-widget-container\">\n\t\t\t\t\t\t\t\t\t\t\t\t\t\t\t<img fetchpriority=\"high\" decoding=\"async\" width=\"822\" height=\"188\" src=\"https:\/\/desumenerji.com.tr\/tr\/wp-content\/uploads\/2024\/10\/desum-enerji-logo-2.png\" class=\"attachment-full size-full wp-image-4895\" alt=\"\" srcset=\"https:\/\/desumenerji.com.tr\/tr\/wp-content\/uploads\/2024\/10\/desum-enerji-logo-2.png 822w, https:\/\/desumenerji.com.tr\/tr\/wp-content\/uploads\/2024\/10\/desum-enerji-logo-2-535x122.png 535w, https:\/\/desumenerji.com.tr\/tr\/wp-content\/uploads\/2024\/10\/desum-enerji-logo-2-300x69.png 300w, https:\/\/desumenerji.com.tr\/tr\/wp-content\/uploads\/2024\/10\/desum-enerji-logo-2-768x176.png 768w\" sizes=\"(max-width: 822px) 100vw, 822px\" \/>\t\t\t\t\t\t\t\t\t\t\t\t\t\t\t<\/div>\n\t\t\t\t<\/div>\n\t\t\t\t\t<\/div>\n\t\t<\/div>\n\t\t\t\t\t<\/div>\n\t\t<\/section>\n\t\t\t\t<section class=\"elementor-section elementor-inner-section elementor-element elementor-element-2526917 elementor-section-content-middle elementor-section-boxed elementor-section-height-default elementor-section-height-default\" data-id=\"2526917\" data-element_type=\"section\" data-settings=\"{&quot;background_background&quot;:&quot;classic&quot;}\">\n\t\t\t\t\t\t<div class=\"elementor-container elementor-column-gap-default\">\n\t\t\t\t\t<div class=\"elementor-column elementor-col-50 elementor-inner-column elementor-element elementor-element-3ab4ae5\" data-id=\"3ab4ae5\" data-element_type=\"column\">\n\t\t\t<div class=\"elementor-widget-wrap elementor-element-populated\">\n\t\t\t\t\t\t<div class=\"elementor-element elementor-element-76ec1ed align-left elementor-widget elementor-widget-mae-headings\" data-id=\"76ec1ed\" data-element_type=\"widget\" data-widget_type=\"mae-headings.default\">\n\t\t\t\t<div class=\"elementor-widget-container\">\n\t\t\t\t\t\t\t<div class=\"master-heading\">\n\t        \t            <div class=\"pre-heading\">\u0130leti\u015fim<\/div>\n\t        \n\t        \t        <h2 class=\"main-heading\">Desum Enerji<\/h2>\n\t        \n\t        \n\t        \t    <\/div>\n\t    \t\t\t\t<\/div>\n\t\t\t\t<\/div>\n\t\t\t\t<div class=\"elementor-element elementor-element-52ce243 elementor-widget elementor-widget-text-editor\" data-id=\"52ce243\" data-element_type=\"widget\" data-widget_type=\"text-editor.default\">\n\t\t\t\t<div class=\"elementor-widget-container\">\n\t\t\t\t\t\t\t\t\t<p><strong>Saray Mah. 3200 Cad. No 15\/B <br \/>06980 Kahramankazan \/ Ankara<\/strong><\/p><p><strong>Ofis<\/strong>\u00a0:\u00a0<strong><a href=\"tel:03122803065\">0 312 280 30 65<\/a><\/strong><br \/><strong>Mahmut \u015eim\u015fek<\/strong>\u00a0:\u00a0<strong><a href=\"tel:05057098671\">0505 709 86 71<\/a><\/strong><br \/><strong>Mustafa G\u00fcm\u00fc\u015f<\/strong>\u00a0:\u00a0<strong><a href=\"tel:05054585246\">0505 458 52 46<\/a><\/strong><\/p><p>Mail:\u00a0<a href=\"mailto:info@desumenerji.com.tr\">info@desumenerji.com.tr<\/a><\/p>\t\t\t\t\t\t\t\t<\/div>\n\t\t\t\t<\/div>\n\t\t\t\t\t<\/div>\n\t\t<\/div>\n\t\t\t\t<div class=\"elementor-column elementor-col-50 elementor-inner-column elementor-element elementor-element-06eaca4\" data-id=\"06eaca4\" data-element_type=\"column\">\n\t\t\t<div class=\"elementor-widget-wrap elementor-element-populated\">\n\t\t\t\t\t\t<div class=\"elementor-element elementor-element-7159883 elementor-widget elementor-widget-shortcode\" data-id=\"7159883\" data-element_type=\"widget\" data-widget_type=\"shortcode.default\">\n\t\t\t\t<div class=\"elementor-widget-container\">\n\t\t\t\t\t\t\t<div class=\"elementor-shortcode\">[wpforms id=\"5002\" title=\"false\"]<\/div>\n\t\t\t\t\t\t<\/div>\n\t\t\t\t<\/div>\n\t\t\t\t\t<\/div>\n\t\t<\/div>\n\t\t\t\t\t<\/div>\n\t\t<\/section>\n\t\t\t\t<section class=\"elementor-section elementor-inner-section elementor-element elementor-element-5296ffb elementor-section-content-middle elementor-section-boxed elementor-section-height-default elementor-section-height-default\" data-id=\"5296ffb\" data-element_type=\"section\" data-settings=\"{&quot;background_background&quot;:&quot;classic&quot;}\">\n\t\t\t\t\t\t<div class=\"elementor-container elementor-column-gap-default\">\n\t\t\t\t\t<div class=\"elementor-column elementor-col-50 elementor-inner-column elementor-element elementor-element-0970f34\" data-id=\"0970f34\" data-element_type=\"column\">\n\t\t\t<div class=\"elementor-widget-wrap elementor-element-populated\">\n\t\t\t\t\t\t<div class=\"elementor-element elementor-element-d3bf732 elementor-widget elementor-widget-spacer\" data-id=\"d3bf732\" data-element_type=\"widget\" data-widget_type=\"spacer.default\">\n\t\t\t\t<div class=\"elementor-widget-container\">\n\t\t\t\t\t\t\t<div class=\"elementor-spacer\">\n\t\t\t<div class=\"elementor-spacer-inner\"><\/div>\n\t\t<\/div>\n\t\t\t\t\t\t<\/div>\n\t\t\t\t<\/div>\n\t\t\t\t<div class=\"elementor-element elementor-element-b92b5fc align-center elementor-widget elementor-widget-mae-headings\" data-id=\"b92b5fc\" data-element_type=\"widget\" data-widget_type=\"mae-headings.default\">\n\t\t\t\t<div class=\"elementor-widget-container\">\n\t\t\t\t\t\t\t<div class=\"master-heading\">\n\t        \n\t        \t        <h2 class=\"main-heading\">Kapadokya Galvaniz<\/h2>\n\t        \n\t        \n\t        \t    <\/div>\n\t    \t\t\t\t<\/div>\n\t\t\t\t<\/div>\n\t\t\t\t<div class=\"elementor-element elementor-element-84ba7b2 elementor-widget elementor-widget-google_maps\" data-id=\"84ba7b2\" data-element_type=\"widget\" data-widget_type=\"google_maps.default\">\n\t\t\t\t<div class=\"elementor-widget-container\">\n\t\t\t\t\t\t\t<div class=\"elementor-custom-embed\">\n\t\t\t<iframe loading=\"lazy\"\n\t\t\t\t\tsrc=\"https:\/\/maps.google.com\/maps?q=Kapadokya%20Galvaniz%20Ankara&#038;t=m&#038;z=15&#038;output=embed&#038;iwloc=near\"\n\t\t\t\t\ttitle=\"Kapadokya Galvaniz Ankara\"\n\t\t\t\t\taria-label=\"Kapadokya Galvaniz Ankara\"\n\t\t\t><\/iframe>\n\t\t<\/div>\n\t\t\t\t\t\t<\/div>\n\t\t\t\t<\/div>\n\t\t\t\t<div class=\"elementor-element elementor-element-49ce8a0 elementor-widget elementor-widget-spacer\" data-id=\"49ce8a0\" data-element_type=\"widget\" data-widget_type=\"spacer.default\">\n\t\t\t\t<div class=\"elementor-widget-container\">\n\t\t\t\t\t\t\t<div class=\"elementor-spacer\">\n\t\t\t<div class=\"elementor-spacer-inner\"><\/div>\n\t\t<\/div>\n\t\t\t\t\t\t<\/div>\n\t\t\t\t<\/div>\n\t\t\t\t<div class=\"elementor-element elementor-element-af4f9bf elementor-widget elementor-widget-text-editor\" data-id=\"af4f9bf\" data-element_type=\"widget\" data-widget_type=\"text-editor.default\">\n\t\t\t\t<div class=\"elementor-widget-container\">\n\t\t\t\t\t\t\t\t\t<p>Saray Mah. 3200 Cad. No: 15 06980 Kahramankazan \/ Ankara<\/p>\t\t\t\t\t\t\t\t<\/div>\n\t\t\t\t<\/div>\n\t\t\t\t\t<\/div>\n\t\t<\/div>\n\t\t\t\t<div class=\"elementor-column elementor-col-50 elementor-inner-column elementor-element elementor-element-7c3e781\" data-id=\"7c3e781\" data-element_type=\"column\">\n\t\t\t<div class=\"elementor-widget-wrap elementor-element-populated\">\n\t\t\t\t\t\t<div class=\"elementor-element elementor-element-594f55c elementor-widget elementor-widget-spacer\" data-id=\"594f55c\" data-element_type=\"widget\" data-widget_type=\"spacer.default\">\n\t\t\t\t<div class=\"elementor-widget-container\">\n\t\t\t\t\t\t\t<div class=\"elementor-spacer\">\n\t\t\t<div class=\"elementor-spacer-inner\"><\/div>\n\t\t<\/div>\n\t\t\t\t\t\t<\/div>\n\t\t\t\t<\/div>\n\t\t\t\t<div class=\"elementor-element elementor-element-4fdea17 align-center elementor-widget elementor-widget-mae-headings\" data-id=\"4fdea17\" data-element_type=\"widget\" data-widget_type=\"mae-headings.default\">\n\t\t\t\t<div class=\"elementor-widget-container\">\n\t\t\t\t\t\t\t<div class=\"master-heading\">\n\t        \n\t        \t        <h2 class=\"main-heading\">Desum Enerji<\/h2>\n\t        \n\t        \n\t        \t    <\/div>\n\t    \t\t\t\t<\/div>\n\t\t\t\t<\/div>\n\t\t\t\t<div class=\"elementor-element elementor-element-be879b2 elementor-widget elementor-widget-google_maps\" data-id=\"be879b2\" data-element_type=\"widget\" data-widget_type=\"google_maps.default\">\n\t\t\t\t<div class=\"elementor-widget-container\">\n\t\t\t\t\t\t\t<div class=\"elementor-custom-embed\">\n\t\t\t<iframe loading=\"lazy\"\n\t\t\t\t\tsrc=\"https:\/\/maps.google.com\/maps?q=Desum%20Enerji%20%7C%20Fabrika%20Otomasyon%20Hizmetleri%20%7C%20Galvaniz%20Tesisi%20Kurulumu%20Saray%2C%203200%20Cad%20No%3A15%2FB%2C%2006980%20Kahramankazan%2FAnkara&#038;t=m&#038;z=15&#038;output=embed&#038;iwloc=near\"\n\t\t\t\t\ttitle=\"Desum Enerji | Fabrika Otomasyon Hizmetleri | Galvaniz Tesisi Kurulumu Saray, 3200 Cad No:15\/B, 06980 Kahramankazan\/Ankara\"\n\t\t\t\t\taria-label=\"Desum Enerji | Fabrika Otomasyon Hizmetleri | Galvaniz Tesisi Kurulumu Saray, 3200 Cad No:15\/B, 06980 Kahramankazan\/Ankara\"\n\t\t\t><\/iframe>\n\t\t<\/div>\n\t\t\t\t\t\t<\/div>\n\t\t\t\t<\/div>\n\t\t\t\t<div class=\"elementor-element elementor-element-788aacc elementor-widget elementor-widget-spacer\" data-id=\"788aacc\" data-element_type=\"widget\" data-widget_type=\"spacer.default\">\n\t\t\t\t<div class=\"elementor-widget-container\">\n\t\t\t\t\t\t\t<div class=\"elementor-spacer\">\n\t\t\t<div class=\"elementor-spacer-inner\"><\/div>\n\t\t<\/div>\n\t\t\t\t\t\t<\/div>\n\t\t\t\t<\/div>\n\t\t\t\t<div class=\"elementor-element elementor-element-e03945c elementor-widget elementor-widget-text-editor\" data-id=\"e03945c\" data-element_type=\"widget\" data-widget_type=\"text-editor.default\">\n\t\t\t\t<div class=\"elementor-widget-container\">\n\t\t\t\t\t\t\t\t\t<p>Saray Mah. 3200 Cad. No: 15\/B 06980 Kahramankazan \/ Ankara<\/p>\t\t\t\t\t\t\t\t<\/div>\n\t\t\t\t<\/div>\n\t\t\t\t\t<\/div>\n\t\t<\/div>\n\t\t\t\t\t<\/div>\n\t\t<\/section>\n\t\t\t\t<div class=\"elementor-element elementor-element-b468626 elementor-widget elementor-widget-spacer\" data-id=\"b468626\" data-element_type=\"widget\" data-widget_type=\"spacer.default\">\n\t\t\t\t<div class=\"elementor-widget-container\">\n\t\t\t\t\t\t\t<div class=\"elementor-spacer\">\n\t\t\t<div class=\"elementor-spacer-inner\"><\/div>\n\t\t<\/div>\n\t\t\t\t\t\t<\/div>\n\t\t\t\t<\/div>\n\t\t\t\t\t<\/div>\n\t\t<\/div>\n\t\t\t\t\t<\/div>\n\t\t<\/section>\n\t\t\t\t<\/div>\n\t\t","protected":false},"excerpt":{"rendered":"<p>\u0130leti\u015fim Desum Enerji Saray Mah. 3200 Cad. No 15\/B 06980 Kahramankazan \/ Ankara Ofis\u00a0:\u00a00 312 280 30 65Mahmut \u015eim\u015fek\u00a0:\u00a00505 709 86 71Mustafa G\u00fcm\u00fc\u015f\u00a0:\u00a00505 458 52 46 Mail:\u00a0info@desumenerji.com.tr [wpforms id=&#8221;5002&#8243; title=&#8221;false&#8221;] Kapadokya Galvaniz Saray Mah. 3200 Cad. No: 15 06980 Kahramankazan \/ Ankara Desum Enerji Saray Mah. 3200 Cad. No: 15\/B<\/p>\n","protected":false},"author":1,"featured_media":0,"parent":0,"menu_order":0,"comment_status":"closed","ping_status":"closed","template":"","meta":{"footnotes":""},"class_list":["post-4291","page","type-page","status-publish","hentry"],"_links":{"self":[{"href":"https:\/\/desumenerji.com.tr\/tr\/wp-json\/wp\/v2\/pages\/4291","targetHints":{"allow":["GET"]}}],"collection":[{"href":"https:\/\/desumenerji.com.tr\/tr\/wp-json\/wp\/v2\/pages"}],"about":[{"href":"https:\/\/desumenerji.com.tr\/tr\/wp-json\/wp\/v2\/types\/page"}],"author":[{"embeddable":true,"href":"https:\/\/desumenerji.com.tr\/tr\/wp-json\/wp\/v2\/users\/1"}],"replies":[{"embeddable":true,"href":"https:\/\/desumenerji.com.tr\/tr\/wp-json\/wp\/v2\/comments?post=4291"}],"version-history":[{"count":19,"href":"https:\/\/desumenerji.com.tr\/tr\/wp-json\/wp\/v2\/pages\/4291\/revisions"}],"predecessor-version":[{"id":5120,"href":"https:\/\/desumenerji.com.tr\/tr\/wp-json\/wp\/v2\/pages\/4291\/revisions\/5120"}],"wp:attachment":[{"href":"https:\/\/desumenerji.com.tr\/tr\/wp-json\/wp\/v2\/media?parent=4291"}],"curies":[{"name":"wp","href":"https:\/\/api.w.org\/{rel}","templated":true}]}}