{"id":3999,"date":"2020-10-13T04:01:47","date_gmt":"2020-10-13T04:01:47","guid":{"rendered":"http:\/\/ninzio.com\/quper\/?page_id=3999"},"modified":"2024-10-13T18:10:14","modified_gmt":"2024-10-13T18:10:14","slug":"hakkimizda","status":"publish","type":"page","link":"https:\/\/desumenerji.com.tr\/tr\/hakkimizda\/","title":{"rendered":"Hakk\u0131m\u0131zda"},"content":{"rendered":"\t\t<div data-elementor-type=\"wp-page\" data-elementor-id=\"3999\" class=\"elementor elementor-3999\" data-elementor-post-type=\"page\">\n\t\t\t\t\t\t<section class=\"elementor-section elementor-top-section elementor-element elementor-element-45aedb5 elementor-section-boxed elementor-section-height-default elementor-section-height-default\" data-id=\"45aedb5\" data-element_type=\"section\">\n\t\t\t\t\t\t<div class=\"elementor-container elementor-column-gap-default\">\n\t\t\t\t\t<div class=\"elementor-column elementor-col-100 elementor-top-column elementor-element elementor-element-16ece4b\" data-id=\"16ece4b\" data-element_type=\"column\">\n\t\t\t<div class=\"elementor-widget-wrap elementor-element-populated\">\n\t\t\t\t\t\t<div class=\"elementor-element elementor-element-c181b3b elementor-widget elementor-widget-spacer\" data-id=\"c181b3b\" data-element_type=\"widget\" data-widget_type=\"spacer.default\">\n\t\t\t\t<div class=\"elementor-widget-container\">\n\t\t\t\t\t\t\t<div class=\"elementor-spacer\">\n\t\t\t<div class=\"elementor-spacer-inner\"><\/div>\n\t\t<\/div>\n\t\t\t\t\t\t<\/div>\n\t\t\t\t<\/div>\n\t\t\t\t<div class=\"elementor-element elementor-element-9536111 elementor-widget elementor-widget-mae-parallax-image\" data-id=\"9536111\" data-element_type=\"widget\" data-widget_type=\"mae-parallax-image.default\">\n\t\t\t\t<div class=\"elementor-widget-container\">\n\t\t\t\t\t\t\t<div class=\"master-parallax-box\">\n\t\t\t<div class=\"parallax-wrap\">\n\t\t\t\t\t\t\t\t\t<div class=\"master-parallax-item elementor-repeater-item-b0e475f\" style=\"\" data-parallax='{\"x\" : 0, \"y\" : -60, \"smoothness\" : 30}' data-top=\"-15%\" data-top-tablet=\"-15px\" data-top-mobile=\"-15px\"><img decoding=\"async\" src=\"https:\/\/ninzio.com\/quper\/wp-content\/uploads\/2020\/10\/dots-02.png\" alt=\"\"><\/div>\t\t\t\t\t\t\t\t\t<div class=\"master-parallax-item elementor-repeater-item-c9adb7d\" style=\"\" data-parallax='{\"x\" : 0, \"y\" : 0, \"smoothness\" : 30}' data-top=\"\" data-top-tablet=\"0px\" data-top-mobile=\"0px\"><img decoding=\"async\" src=\"https:\/\/desumenerji.com.tr\/tr\/wp-content\/uploads\/2024\/10\/desumenerji-e1728827751538.jpg\" alt=\"\"><\/div>\t\t\t\t\t\t\t<\/div>\n\t\t<\/div>\n\t    \t\t\t\t<\/div>\n\t\t\t\t<\/div>\n\t\t\t\t\t<\/div>\n\t\t<\/div>\n\t\t\t\t\t<\/div>\n\t\t<\/section>\n\t\t\t\t<section class=\"elementor-section elementor-top-section elementor-element elementor-element-a7bc26c elementor-section-boxed elementor-section-height-default elementor-section-height-default\" data-id=\"a7bc26c\" data-element_type=\"section\">\n\t\t\t\t\t\t<div class=\"elementor-container elementor-column-gap-default\">\n\t\t\t\t\t<div class=\"elementor-column elementor-col-100 elementor-top-column elementor-element elementor-element-14fb7fd\" data-id=\"14fb7fd\" data-element_type=\"column\">\n\t\t\t<div class=\"elementor-widget-wrap elementor-element-populated\">\n\t\t\t\t\t\t<div class=\"elementor-element elementor-element-83f240b elementor-widget elementor-widget-spacer\" data-id=\"83f240b\" data-element_type=\"widget\" data-widget_type=\"spacer.default\">\n\t\t\t\t<div class=\"elementor-widget-container\">\n\t\t\t\t\t\t\t<div class=\"elementor-spacer\">\n\t\t\t<div class=\"elementor-spacer-inner\"><\/div>\n\t\t<\/div>\n\t\t\t\t\t\t<\/div>\n\t\t\t\t<\/div>\n\t\t\t\t<section class=\"elementor-section elementor-inner-section elementor-element elementor-element-2a1477e elementor-section-content-middle elementor-section-boxed elementor-section-height-default elementor-section-height-default\" data-id=\"2a1477e\" data-element_type=\"section\">\n\t\t\t\t\t\t<div class=\"elementor-container elementor-column-gap-extended\">\n\t\t\t\t\t<div class=\"elementor-column elementor-col-50 elementor-inner-column elementor-element elementor-element-ecf3ea8\" data-id=\"ecf3ea8\" data-element_type=\"column\">\n\t\t\t<div class=\"elementor-widget-wrap elementor-element-populated\">\n\t\t\t\t\t\t<div class=\"elementor-element elementor-element-6631de3 align-left elementor-widget elementor-widget-mae-headings\" data-id=\"6631de3\" data-element_type=\"widget\" data-widget_type=\"mae-headings.default\">\n\t\t\t\t<div class=\"elementor-widget-container\">\n\t\t\t\t\t\t\t<div class=\"master-heading\">\n\t        \n\t        \t        <h2 class=\"main-heading\">Desum Enerji<\/h2>\n\t        \n\t        \n\t        \t            <div class=\"sub-heading\">Hedefimiz firmalara bak\u0131m onar\u0131m faaliyetleri sunmakla beraber yurt i\u00e7inde \u00fcretimi yap\u0131lmayan tezgah ve ekipmanlar\u0131 \u00fcretmek ve \u00fclkemizin yerli makine park\u0131n\u0131 art\u0131rmakt\u0131r.\nDesum enerji kurulu\u015fun bu g\u00fcne kadar bir \u00e7ok kalite belgesine ba\u015fvuruda bulunmu\u015f ve bu belgeleri alabilmek i\u00e7in de \u00e7ok fazla yol kat etmi\u015ftir.\n\nDesum enerji bak\u0131m Onar\u0131m ve tezgah ekipman sekt\u00f6r\u00fcne yeni bir soluk ve bak\u0131\u015f a\u00e7\u0131s\u0131 getirmek i\u00e7in t\u00fcm enerjisini harcayarak \u00fclkemizin \u00fcretim sekt\u00f6r\u00fcn\u00fc desteklemek ve \u00fcretim verimlili\u011fini art\u0131rarak i\u00e7in birbirlerine s\u00f6z vermi\u015f \u00e7ok de\u011ferli konusunda uzman bir ekipten olu\u015fmaktad\u0131r.<\/div>\n\t        \t    <\/div>\n\t    \t\t\t\t<\/div>\n\t\t\t\t<\/div>\n\t\t\t\t\t<\/div>\n\t\t<\/div>\n\t\t\t\t<div class=\"elementor-column elementor-col-50 elementor-inner-column elementor-element elementor-element-90bfa4a\" data-id=\"90bfa4a\" data-element_type=\"column\">\n\t\t\t<div class=\"elementor-widget-wrap elementor-element-populated\">\n\t\t\t\t\t\t<div class=\"elementor-element elementor-element-608cbf2 elementor-widget elementor-widget-mae-fancy-image\" data-id=\"608cbf2\" data-element_type=\"widget\" data-widget_type=\"mae-fancy-image.default\">\n\t\t\t\t<div class=\"elementor-widget-container\">\n\t\t\t\t\t\n\t\t\t<div class=\"master-fancy-image reveal lr \" data-in-viewport=\"true\">\n\t\t\t\t<figure>\n\t\t\t\t\t<img fetchpriority=\"high\" decoding=\"async\" width=\"570\" height=\"599\" src=\"https:\/\/desumenerji.com.tr\/tr\/wp-content\/uploads\/2024\/10\/desumenerji-1.jpg\" class=\"attachment-full size-full wp-image-4960\" alt=\"\" srcset=\"https:\/\/desumenerji.com.tr\/tr\/wp-content\/uploads\/2024\/10\/desumenerji-1.jpg 570w, https:\/\/desumenerji.com.tr\/tr\/wp-content\/uploads\/2024\/10\/desumenerji-1-285x300.jpg 285w, https:\/\/desumenerji.com.tr\/tr\/wp-content\/uploads\/2024\/10\/desumenerji-1-535x562.jpg 535w\" sizes=\"(max-width: 570px) 100vw, 570px\" \/>\t\t\t\t<\/figure>\n\n\t\t        \t\t\t<\/div>\n\n\t\t\t\t\t\t<\/div>\n\t\t\t\t<\/div>\n\t\t\t\t\t<\/div>\n\t\t<\/div>\n\t\t\t\t\t<\/div>\n\t\t<\/section>\n\t\t\t\t\t<\/div>\n\t\t<\/div>\n\t\t\t\t\t<\/div>\n\t\t<\/section>\n\t\t<div class=\"elementor-element elementor-element-271e115 e-flex e-con-boxed e-con e-parent\" data-id=\"271e115\" data-element_type=\"container\">\n\t\t\t\t\t<div class=\"e-con-inner\">\n\t\t<div class=\"elementor-element elementor-element-3d60e85 e-con-full e-flex e-con e-child\" data-id=\"3d60e85\" data-element_type=\"container\">\n\t\t\t\t<div class=\"elementor-element elementor-element-546cf2f elementor-blockquote--skin-boxed elementor-blockquote--button-color-official elementor-widget elementor-widget-blockquote\" data-id=\"546cf2f\" data-element_type=\"widget\" data-widget_type=\"blockquote.default\">\n\t\t\t\t<div class=\"elementor-widget-container\">\n\t\t\t\t\t\t\t<blockquote class=\"elementor-blockquote\">\n\t\t\t<p class=\"elementor-blockquote__content\">\n\t\t\t\tEnd\u00fcstriyel makinelerin imalat ve kurulumlar\u0131 S\u0131cak dald\u0131rma galvaniz ve santrif\u00fcj galvaniz tesis kurulumlari makine ekipman imalat ve tasar\u0131mlar\u0131\t\t\t<\/p>\n\t\t\t\t\t\t\t<div class=\"e-q-footer\">\n\t\t\t\t\t\t\t\t\t\t\t<cite class=\"elementor-blockquote__author\">Desum Enerji<\/cite>\n\t\t\t\t\t\t\t\t\t\t\t\t\t\t<\/div>\n\t\t\t\t\t<\/blockquote>\n\t\t\t\t\t\t<\/div>\n\t\t\t\t<\/div>\n\t\t\t\t<\/div>\n\t\t<div class=\"elementor-element elementor-element-6bf236e e-con-full e-flex e-con e-child\" data-id=\"6bf236e\" data-element_type=\"container\">\n\t\t<div class=\"elementor-element elementor-element-c457312 e-con-full e-flex e-con e-child\" data-id=\"c457312\" data-element_type=\"container\">\n\t\t\t\t<div class=\"elementor-element elementor-element-861c569 elementor-widget elementor-widget-heading\" data-id=\"861c569\" data-element_type=\"widget\" data-widget_type=\"heading.default\">\n\t\t\t\t<div class=\"elementor-widget-container\">\n\t\t\t\t\t<h3 class=\"elementor-heading-title elementor-size-default\">Biz kimiz?<\/h3>\t\t\t\t<\/div>\n\t\t\t\t<\/div>\n\t\t\t\t<div class=\"elementor-element elementor-element-83aea5f elementor-widget elementor-widget-text-editor\" data-id=\"83aea5f\" data-element_type=\"widget\" data-widget_type=\"text-editor.default\">\n\t\t\t\t<div class=\"elementor-widget-container\">\n\t\t\t\t\t\t\t\t\t<p>Desum Enerji 2014 y\u0131l\u0131nda Elektrik otomasyon ve her t\u00fcrl\u00fc \u00fcretime ba\u011fl\u0131 makinalar\u0131n tasar\u0131m ve \u00fcretimini yapmak \u00f6zellikle Yurtd\u0131\u015f\u0131 men\u015feili otomasyon alt yap\u0131l\u0131 NC, CNC ,PLC sistemlerle \u00e7al\u0131\u015fan tezgah ve ekipmanlar\u0131n bak\u0131m onar\u0131m faaliyetlerini yaparak t\u00fcm \u00fcretim tesislerinin ihtiya\u00e7lar\u0131n\u0131 \u00e7\u00f6zmek verimlili\u011fini art\u0131rmak amac\u0131yla 3 uzman Tecr\u00fcbeli ve deneyimli arkada\u015f\u0131n bir araya gelerek kurdu\u011fu \u00e7\u00f6z\u00fcmc\u00fc m\u00fc\u015fteri memnuniyete dayal\u0131 bir firmad\u0131r.<\/p>\t\t\t\t\t\t\t\t<\/div>\n\t\t\t\t<\/div>\n\t\t\t\t<\/div>\n\t\t\t\t<\/div>\n\t\t\t\t\t<\/div>\n\t\t\t\t<\/div>\n\t\t<div class=\"elementor-element elementor-element-47b3498 e-flex e-con-boxed e-con e-parent\" data-id=\"47b3498\" data-element_type=\"container\">\n\t\t\t\t\t<div class=\"e-con-inner\">\n\t\t\t\t<div class=\"elementor-element elementor-element-5bd68e1 elementor-widget elementor-widget-spacer\" data-id=\"5bd68e1\" data-element_type=\"widget\" data-widget_type=\"spacer.default\">\n\t\t\t\t<div class=\"elementor-widget-container\">\n\t\t\t\t\t\t\t<div class=\"elementor-spacer\">\n\t\t\t<div class=\"elementor-spacer-inner\"><\/div>\n\t\t<\/div>\n\t\t\t\t\t\t<\/div>\n\t\t\t\t<\/div>\n\t\t\t\t\t<\/div>\n\t\t\t\t<\/div>\n\t\t\t\t<section class=\"elementor-section elementor-top-section elementor-element elementor-element-81373d3 container-width-1500 elementor-section-boxed elementor-section-height-default elementor-section-height-default\" data-id=\"81373d3\" data-element_type=\"section\" data-settings=\"{&quot;background_background&quot;:&quot;gradient&quot;}\">\n\t\t\t\t\t\t<div class=\"elementor-container elementor-column-gap-default\">\n\t\t\t\t\t<div class=\"elementor-column elementor-col-100 elementor-top-column elementor-element elementor-element-555c404\" data-id=\"555c404\" data-element_type=\"column\">\n\t\t\t<div class=\"elementor-widget-wrap elementor-element-populated\">\n\t\t\t\t\t\t<div class=\"elementor-element elementor-element-bdb6c45 align-center elementor-widget elementor-widget-mae-headings\" data-id=\"bdb6c45\" data-element_type=\"widget\" data-widget_type=\"mae-headings.default\">\n\t\t\t\t<div class=\"elementor-widget-container\">\n\t\t\t\t\t\t\t<div class=\"master-heading\">\n\t        \n\t        \t        <h2 class=\"main-heading\">Hemen \u0130leti\u015fime Ge\u00e7!<\/h2>\n\t        \n\t        \n\t        \t    <\/div>\n\t    \t\t\t\t<\/div>\n\t\t\t\t<\/div>\n\t\t\t\t<div class=\"elementor-element elementor-element-a953293 align-center elementor-widget elementor-widget-mae-button\" data-id=\"a953293\" data-element_type=\"widget\" data-widget_type=\"mae-button.default\">\n\t\t\t\t<div class=\"elementor-widget-container\">\n\t\t\t\t\t\n        <a class=\"master-button btn-accent icon-none big\" href=\"https:\/\/desumenerji.com.tr\/tr\/iletisim\" >\n                        <span>\u0130leti\u015fim<\/span>\n                    <\/a>\n\n        \t\t\t\t<\/div>\n\t\t\t\t<\/div>\n\t\t\t\t\t<\/div>\n\t\t<\/div>\n\t\t\t\t\t<\/div>\n\t\t<\/section>\n\t\t\t\t<section class=\"elementor-section elementor-top-section elementor-element elementor-element-fed4b8c elementor-section-boxed elementor-section-height-default elementor-section-height-default\" data-id=\"fed4b8c\" data-element_type=\"section\">\n\t\t\t\t\t\t<div class=\"elementor-container elementor-column-gap-default\">\n\t\t\t\t\t<div class=\"elementor-column elementor-col-100 elementor-top-column elementor-element elementor-element-f134206\" data-id=\"f134206\" data-element_type=\"column\">\n\t\t\t<div class=\"elementor-widget-wrap elementor-element-populated\">\n\t\t\t\t\t\t<div class=\"elementor-element elementor-element-278a892 elementor-widget elementor-widget-spacer\" data-id=\"278a892\" data-element_type=\"widget\" data-widget_type=\"spacer.default\">\n\t\t\t\t<div class=\"elementor-widget-container\">\n\t\t\t\t\t\t\t<div class=\"elementor-spacer\">\n\t\t\t<div class=\"elementor-spacer-inner\"><\/div>\n\t\t<\/div>\n\t\t\t\t\t\t<\/div>\n\t\t\t\t<\/div>\n\t\t\t\t\t<\/div>\n\t\t<\/div>\n\t\t\t\t\t<\/div>\n\t\t<\/section>\n\t\t\t\t<\/div>\n\t\t","protected":false},"excerpt":{"rendered":"<p>Desum Enerji Hedefimiz firmalara bak\u0131m onar\u0131m faaliyetleri sunmakla beraber yurt i\u00e7inde \u00fcretimi yap\u0131lmayan tezgah ve ekipmanlar\u0131 \u00fcretmek ve \u00fclkemizin yerli makine park\u0131n\u0131 art\u0131rmakt\u0131r. Desum enerji kurulu\u015fun bu g\u00fcne kadar bir \u00e7ok kalite belgesine ba\u015fvuruda bulunmu\u015f ve bu belgeleri alabilmek i\u00e7in de \u00e7ok fazla yol kat etmi\u015ftir. Desum enerji bak\u0131m Onar\u0131m<\/p>\n","protected":false},"author":1,"featured_media":0,"parent":0,"menu_order":0,"comment_status":"closed","ping_status":"closed","template":"","meta":{"footnotes":""},"class_list":["post-3999","page","type-page","status-publish","hentry"],"_links":{"self":[{"href":"https:\/\/desumenerji.com.tr\/tr\/wp-json\/wp\/v2\/pages\/3999","targetHints":{"allow":["GET"]}}],"collection":[{"href":"https:\/\/desumenerji.com.tr\/tr\/wp-json\/wp\/v2\/pages"}],"about":[{"href":"https:\/\/desumenerji.com.tr\/tr\/wp-json\/wp\/v2\/types\/page"}],"author":[{"embeddable":true,"href":"https:\/\/desumenerji.com.tr\/tr\/wp-json\/wp\/v2\/users\/1"}],"replies":[{"embeddable":true,"href":"https:\/\/desumenerji.com.tr\/tr\/wp-json\/wp\/v2\/comments?post=3999"}],"version-history":[{"count":17,"href":"https:\/\/desumenerji.com.tr\/tr\/wp-json\/wp\/v2\/pages\/3999\/revisions"}],"predecessor-version":[{"id":5030,"href":"https:\/\/desumenerji.com.tr\/tr\/wp-json\/wp\/v2\/pages\/3999\/revisions\/5030"}],"wp:attachment":[{"href":"https:\/\/desumenerji.com.tr\/tr\/wp-json\/wp\/v2\/media?parent=3999"}],"curies":[{"name":"wp","href":"https:\/\/api.w.org\/{rel}","templated":true}]}}