{"id":2,"date":"2024-10-01T16:19:19","date_gmt":"2024-10-01T16:19:19","guid":{"rendered":"https:\/\/desumenerji.com.tr\/tr\/?page_id=2"},"modified":"2024-10-13T18:17:22","modified_gmt":"2024-10-13T18:17:22","slug":"vizyonumuz-misyonumuz","status":"publish","type":"page","link":"https:\/\/desumenerji.com.tr\/tr\/vizyonumuz-misyonumuz\/","title":{"rendered":"Vizyonumuz &#038; Misyonumuz"},"content":{"rendered":"\t\t<div data-elementor-type=\"wp-page\" data-elementor-id=\"2\" class=\"elementor elementor-2\" data-elementor-post-type=\"page\">\n\t\t\t\t<div class=\"elementor-element elementor-element-67005a94 e-flex e-con-boxed e-con e-parent\" data-id=\"67005a94\" data-element_type=\"container\">\n\t\t\t\t\t<div class=\"e-con-inner\">\n\t\t\t\t<div class=\"elementor-element elementor-element-7fa42c55 elementor-widget elementor-widget-text-editor\" data-id=\"7fa42c55\" data-element_type=\"widget\" data-widget_type=\"text-editor.default\">\n\t\t\t\t<div class=\"elementor-widget-container\">\n\t\t\t\t\t\t\t\t\t\n<h3><img decoding=\"async\" class=\"alignnone  wp-image-5033\" src=\"https:\/\/desumenerji.com.tr\/tr\/wp-content\/uploads\/2024\/10\/misyon-300x235.png\" alt=\"\" width=\"39\" height=\"30\" srcset=\"https:\/\/desumenerji.com.tr\/tr\/wp-content\/uploads\/2024\/10\/misyon-300x235.png 300w, https:\/\/desumenerji.com.tr\/tr\/wp-content\/uploads\/2024\/10\/misyon.png 360w\" sizes=\"(max-width: 39px) 100vw, 39px\" \/>Misyonumuz<\/h3>\n\n<blockquote class=\"wp-block-quote is-layout-flow wp-block-quote-is-layout-flow\">\n<p>M\u00fc\u015fterilerimize g\u00fcvenilir ve kaliteli \u00fcr\u00fcnler sunmak, ileri teknolojilerin kullan\u0131ld\u0131\u011f\u0131 ara\u015ft\u0131rma ve geli\u015ftirme faaliyetlerimizle yeni ve katma de\u011feri y\u00fcksek \u00fcr\u00fcnler geli\u015ftirmek.<\/p>\n<\/blockquote>\n\n<h3><img decoding=\"async\" class=\"alignnone  wp-image-5034\" src=\"https:\/\/desumenerji.com.tr\/tr\/wp-content\/uploads\/2024\/10\/vizyon-300x300.png\" alt=\"\" width=\"30\" height=\"30\" srcset=\"https:\/\/desumenerji.com.tr\/tr\/wp-content\/uploads\/2024\/10\/vizyon-300x300.png 300w, https:\/\/desumenerji.com.tr\/tr\/wp-content\/uploads\/2024\/10\/vizyon-150x150.png 150w, https:\/\/desumenerji.com.tr\/tr\/wp-content\/uploads\/2024\/10\/vizyon-170x170.png 170w, https:\/\/desumenerji.com.tr\/tr\/wp-content\/uploads\/2024\/10\/vizyon-370x370.png 370w, https:\/\/desumenerji.com.tr\/tr\/wp-content\/uploads\/2024\/10\/vizyon-100x100.png 100w, https:\/\/desumenerji.com.tr\/tr\/wp-content\/uploads\/2024\/10\/vizyon.png 500w\" sizes=\"(max-width: 30px) 100vw, 30px\" \/>Vizyonumuz<\/h3>\n\n<blockquote class=\"wp-block-quote is-layout-flow wp-block-quote-is-layout-flow\">\n<p>\u00dclkemiz i\u00e7in en \u00f6nemli sekt\u00f6rlerden olan makine, elektronik, otomasyon ve yaz\u0131l\u0131m sekt\u00f6rlerinde son teknolojilere uygun hizmet ve \u00fcr\u00fcnler \u00fcretmek.<br \/>Geli\u015ftirece\u011fimiz Ar-Ge d\u00fcnya markas\u0131 olmak ve sekt\u00f6rdeki lider firmalar aras\u0131nda yer almak. Yapt\u0131\u011f\u0131m\u0131z yeni tasar\u0131mlar\u0131; alt y\u00fcklenici ve yan sanayimiz ile birlikte \u00fcreterek, yan sanayinin de geli\u015fmesine katk\u0131da bulunmak, yarat\u0131lacak istihdam ile \u00fclke ekonomisine destek olmak.<\/p>\n<\/blockquote>\n\n<h3><img decoding=\"async\" class=\"alignnone  wp-image-5033\" src=\"https:\/\/desumenerji.com.tr\/tr\/wp-content\/uploads\/2024\/10\/misyon-300x235.png\" alt=\"\" width=\"40\" height=\"31\" srcset=\"https:\/\/desumenerji.com.tr\/tr\/wp-content\/uploads\/2024\/10\/misyon-300x235.png 300w, https:\/\/desumenerji.com.tr\/tr\/wp-content\/uploads\/2024\/10\/misyon.png 360w\" sizes=\"(max-width: 40px) 100vw, 40px\" \/>Hedeflerimiz<\/h3>\n<blockquote>\n<ol>\n<li>\u00dclkemizdeki yeti\u015fmi\u015f g\u00fcc\u00fc oran\u0131n\u0131 art\u0131rmak<\/li>\n<li>Bildi\u011fimiz i\u015fi en iyi ve do\u011fru \u015fekilde yapmak,\u00a0<\/li>\n<li>M\u00fc\u015fteri isteklerini en iyi \u015fekilde yerine getirmek,\u00a0<\/li>\n<li>D\u00fcr\u00fcst olmak ve s\u00f6z\u00fcm\u00fcz\u00fcn arkas\u0131nda durmak,\u00a0<\/li>\n<li>Yap\u0131lan i\u015fi en iyi \u015fekilde yapmak, \u00dclkemiz i\u00e7in d\u00fcnyaya katma de\u011fer katacak \u00fcr\u00fcnler \u00fcretmek,\u00a0<\/li>\n<li>D\u00fcnyay\u0131 izlemek ve daima en iyisini yapmak,\u00a0<\/li>\n<li>H\u0131rs ile de\u011fil ak\u0131l ile \u00e7al\u0131\u015fmak,<\/li>\n<li>-\u0130\u015fini severek, do\u011fay\u0131 ve \u00e7evreyi koruyarak yapmak,\u00a0<\/li>\n<li>Kazanc\u0131m\u0131z\u0131 m\u00fc\u015fterilerimize kazand\u0131rmak ve bu kazan\u00e7 sonras\u0131nda kazanmak.<\/li>\n<\/ol>\n<\/blockquote>\t\t\t\t\t\t\t\t<\/div>\n\t\t\t\t<\/div>\n\t\t\t\t\t<\/div>\n\t\t\t\t<\/div>\n\t\t\t\t<\/div>\n\t\t","protected":false},"excerpt":{"rendered":"<p>Misyonumuz M\u00fc\u015fterilerimize g\u00fcvenilir ve kaliteli \u00fcr\u00fcnler sunmak, ileri teknolojilerin kullan\u0131ld\u0131\u011f\u0131 ara\u015ft\u0131rma ve geli\u015ftirme faaliyetlerimizle yeni ve katma de\u011feri y\u00fcksek \u00fcr\u00fcnler geli\u015ftirmek. Vizyonumuz \u00dclkemiz i\u00e7in en \u00f6nemli sekt\u00f6rlerden olan makine, elektronik, otomasyon ve yaz\u0131l\u0131m sekt\u00f6rlerinde son teknolojilere uygun hizmet ve \u00fcr\u00fcnler \u00fcretmek.Geli\u015ftirece\u011fimiz Ar-Ge d\u00fcnya markas\u0131 olmak ve sekt\u00f6rdeki lider firmalar aras\u0131nda<\/p>\n","protected":false},"author":1,"featured_media":0,"parent":0,"menu_order":0,"comment_status":"closed","ping_status":"closed","template":"","meta":{"footnotes":""},"class_list":["post-2","page","type-page","status-publish","hentry"],"_links":{"self":[{"href":"https:\/\/desumenerji.com.tr\/tr\/wp-json\/wp\/v2\/pages\/2","targetHints":{"allow":["GET"]}}],"collection":[{"href":"https:\/\/desumenerji.com.tr\/tr\/wp-json\/wp\/v2\/pages"}],"about":[{"href":"https:\/\/desumenerji.com.tr\/tr\/wp-json\/wp\/v2\/types\/page"}],"author":[{"embeddable":true,"href":"https:\/\/desumenerji.com.tr\/tr\/wp-json\/wp\/v2\/users\/1"}],"replies":[{"embeddable":true,"href":"https:\/\/desumenerji.com.tr\/tr\/wp-json\/wp\/v2\/comments?post=2"}],"version-history":[{"count":7,"href":"https:\/\/desumenerji.com.tr\/tr\/wp-json\/wp\/v2\/pages\/2\/revisions"}],"predecessor-version":[{"id":5037,"href":"https:\/\/desumenerji.com.tr\/tr\/wp-json\/wp\/v2\/pages\/2\/revisions\/5037"}],"wp:attachment":[{"href":"https:\/\/desumenerji.com.tr\/tr\/wp-json\/wp\/v2\/media?parent=2"}],"curies":[{"name":"wp","href":"https:\/\/api.w.org\/{rel}","templated":true}]}}